{"id":19509,"date":"2020-11-16T11:01:59","date_gmt":"2020-11-16T10:01:59","guid":{"rendered":"https:\/\/europaventure.be\/itineraires\/the-forest-road-by-bike\/"},"modified":"2025-12-12T15:49:36","modified_gmt":"2025-12-12T14:49:36","slug":"la-route-des-forets-a-velo","status":"publish","type":"product","link":"https:\/\/europaventure.be\/en\/la-route-des-forets-a-velo\/","title":{"rendered":"The Forest Road by bike"},"content":{"rendered":"<p>The Route des For\u00eats \u00e0 v\u00e9lo is a 4-stage, 191 km cycling tour through the forests of Belgian Luxembourg, from the Famenne to the Ardennes. It is a large loop starting from Saint-Hubert, European capital of nature and hunting.<\/p>\n<p>Along quiet roads, you will discover typical villages, historical sites and magnificent landscapes of the Great Forest of Saint-Hubert. You will have the opportunity to have a drink in front of the famous Basilica of Saint-Hubert, to discover the Iron Museum on the site of the Fourneau Saint-Michel or to relax in our quality accommodation after a day on the bike.<\/p>\n<p>This holiday is the ideal solution for all types of cyclists: quiet roads, GPX tracks, quality accommodation, luggage transport and information on the region. Everything is planned so that you can make the most of the region and its beauties.<\/p>\n<p>Cycling tour in freedom &#8211; Variable duration from 5 to 6 days &#8211; Departure all year round according to your availability and your possibilities.<\/p>\n","protected":false},"excerpt":{"rendered":"<p>The Forest Cycle Route is a 191 km loop divided into 4 stages. It is mainly located in the Great Forest of Saint-Hubert and allows you to discover one of the most beautiful regions of the Ardennes. All our accommodations regularly welcome cyclists. So your bikes will be safe. Europ&#8217;Aventure takes care of all the logistics: accommodation, luggage transport so that you can make the most of the experience.<\/p>\n","protected":false},"featured_media":915566,"template":"","meta":{"_acf_changed":false,"inline_featured_image":false,"_kad_blocks_custom_css":"","_kad_blocks_head_custom_js":"","_kad_blocks_body_custom_js":"","_kad_blocks_footer_custom_js":"","_kad_post_transparent":"default","_kad_post_title":"","_kad_post_layout":"default","_kad_post_sidebar_id":"","_kad_post_content_style":"default","_kad_post_vertical_padding":"default","_kad_post_feature":"","_kad_post_feature_position":"","_kad_post_header":false,"_kad_post_footer":false,"_kad_post_classname":""},"product_brand":[],"product_cat":[16,60],"product_tag":[],"destination":[42,68,21,66],"class_list":{"0":"post-19509","1":"product","2":"type-product","3":"status-publish","4":"has-post-thumbnail","6":"product_cat-circuit","7":"product_cat-tour","8":"destination-ardenne","9":"destination-ardenne-en","10":"destination-belgique","11":"destination-belgium","13":"first","14":"instock","15":"virtual","16":"taxable","17":"purchasable","18":"product-type-simple","19":"entry","20":"content-bg","21":"loop-entry"},"acf":[],"taxonomy_info":{"product_cat":[{"value":16,"label":"Circuit"},{"value":60,"label":"Tour"}],"destination":[{"value":42,"label":"Ardenne"},{"value":68,"label":"Ardenne"},{"value":21,"label":"Belgique"},{"value":66,"label":"Belgium"}]},"featured_image_src_large":["https:\/\/europaventure.be\/wp-content\/uploads\/2020\/11\/20220513_112514-1024x768.jpg",1024,768,true],"author_info":[],"comment_info":"","_links":{"self":[{"href":"https:\/\/europaventure.be\/en\/wp-json\/wp\/v2\/product\/19509","targetHints":{"allow":["GET"]}}],"collection":[{"href":"https:\/\/europaventure.be\/en\/wp-json\/wp\/v2\/product"}],"about":[{"href":"https:\/\/europaventure.be\/en\/wp-json\/wp\/v2\/types\/product"}],"wp:featuredmedia":[{"embeddable":true,"href":"https:\/\/europaventure.be\/en\/wp-json\/wp\/v2\/media\/915566"}],"wp:attachment":[{"href":"https:\/\/europaventure.be\/en\/wp-json\/wp\/v2\/media?parent=19509"}],"wp:term":[{"taxonomy":"product_brand","embeddable":true,"href":"https:\/\/europaventure.be\/en\/wp-json\/wp\/v2\/product_brand?post=19509"},{"taxonomy":"product_cat","embeddable":true,"href":"https:\/\/europaventure.be\/en\/wp-json\/wp\/v2\/product_cat?post=19509"},{"taxonomy":"product_tag","embeddable":true,"href":"https:\/\/europaventure.be\/en\/wp-json\/wp\/v2\/product_tag?post=19509"},{"taxonomy":"destination","embeddable":true,"href":"https:\/\/europaventure.be\/en\/wp-json\/wp\/v2\/destination?post=19509"}],"curies":[{"name":"wp","href":"https:\/\/api.w.org\/{rel}","templated":true}]}}