{"id":19960,"date":"2020-11-17T14:55:50","date_gmt":"2020-11-17T13:55:50","guid":{"rendered":"https:\/\/europaventure.be\/itineraires\/roadbook-la-transgaumaise-bike-motorcycle-car\/"},"modified":"2025-09-02T08:37:16","modified_gmt":"2025-09-02T06:37:16","slug":"road-book-la-transgaumaise-velo-moto-auto","status":"publish","type":"product","link":"https:\/\/europaventure.be\/en\/road-book-la-transgaumaise-velo-moto-auto\/","title":{"rendered":"Roadbook La Transgaumaise bike, motorcycle, car"},"content":{"rendered":"<p>Roadbook detailing the circuit of the Transgaumaise by bike, motorcycle or car. An itinerary of 175 km by road, in the heart of the Gaume, &#8220;la petite provence belge&#8221;. Discover a circuit through the countryside and famous places such as the Orval Abbey, the citadel of Montm\u00e9dy and the basilica of Avioth&#8230; The Transgaumaise is an itinerary designed in particular for cyclists, motorcyclists and car enthusiasts.<\/p>\n<p>This 175 km long route takes you to discover the Gaume: visit Orval and its Cistercian abbey, famous for its abbey cheese and its beer, Montm\u00e9dy and its imposing citadel or Avioth, nestled in the Gaume Lorraine and whose basilica is a tourist attraction not to be missed. To take full advantage of the region, stop at a tavern to taste their famous p\u00e2t\u00e9 gaumais or their famous aperitif: the Maitrank.<\/p>\n<p><span style=\"line-height: 1.5em;\">Le roadbook GTA<\/span> est compos\u00e9 de plusieurs fiches \u00e9tapes<span style=\"line-height: 1.5em;\"> dont chacune montre le plan de l&#8217;\u00e9tape, le d\u00e9nivel\u00e9, les difficult\u00e9s du parcours ainsi que les curiosit\u00e9s touristiques.<\/span><\/p>\n<p>Do you ride a bike? Europ&#8217;Aventure recommends that you use the <a href=\"https:\/\/europaventure.be\/produit\/porteur-bye-bike\/\">Bike Carrier Bye-Bike<\/a>, a holder for the roadbook to be simply attached to your bike.<\/p>\n<p>Good to know: Europ&#8217;Aventure offers the &#8220;La Transgaumaise \u00e0 v\u00e9lo&#8221; holiday.<\/p>\n","protected":false},"excerpt":{"rendered":"<p>GTA bike-car-motorcycle roadbook for the route La Transgaumaise. This roadbook proposes a 175 km route to discover the Gaume.<\/p>\n","protected":false},"featured_media":19964,"template":"","meta":{"_acf_changed":false,"inline_featured_image":false,"_kad_blocks_custom_css":"","_kad_blocks_head_custom_js":"","_kad_blocks_body_custom_js":"","_kad_blocks_footer_custom_js":"","_kad_post_transparent":"","_kad_post_title":"","_kad_post_layout":"","_kad_post_sidebar_id":"","_kad_post_content_style":"","_kad_post_vertical_padding":"","_kad_post_feature":"","_kad_post_feature_position":"","_kad_post_header":false,"_kad_post_footer":false,"_kad_post_classname":""},"product_brand":[],"product_cat":[17,62],"product_tag":[],"destination":[],"class_list":{"0":"post-19960","1":"product","2":"type-product","3":"status-publish","4":"has-post-thumbnail","6":"product_cat-guides-cartes","7":"product_cat-guides-maps","8":"product_shipping_class-transporteur","9":"product_shipping_class-transporteur-en","11":"first","12":"outofstock","13":"taxable","14":"shipping-taxable","15":"purchasable","16":"product-type-simple","17":"entry","18":"content-bg","19":"loop-entry"},"acf":[],"taxonomy_info":{"product_cat":[{"value":17,"label":"Guides et cartes"},{"value":62,"label":"Guides and maps"}]},"featured_image_src_large":["https:\/\/europaventure.be\/wp-content\/uploads\/2020\/11\/transgaumaise-velo.jpg",438,921,false],"author_info":[],"comment_info":"","_links":{"self":[{"href":"https:\/\/europaventure.be\/en\/wp-json\/wp\/v2\/product\/19960","targetHints":{"allow":["GET"]}}],"collection":[{"href":"https:\/\/europaventure.be\/en\/wp-json\/wp\/v2\/product"}],"about":[{"href":"https:\/\/europaventure.be\/en\/wp-json\/wp\/v2\/types\/product"}],"wp:featuredmedia":[{"embeddable":true,"href":"https:\/\/europaventure.be\/en\/wp-json\/wp\/v2\/media\/19964"}],"wp:attachment":[{"href":"https:\/\/europaventure.be\/en\/wp-json\/wp\/v2\/media?parent=19960"}],"wp:term":[{"taxonomy":"product_brand","embeddable":true,"href":"https:\/\/europaventure.be\/en\/wp-json\/wp\/v2\/product_brand?post=19960"},{"taxonomy":"product_cat","embeddable":true,"href":"https:\/\/europaventure.be\/en\/wp-json\/wp\/v2\/product_cat?post=19960"},{"taxonomy":"product_tag","embeddable":true,"href":"https:\/\/europaventure.be\/en\/wp-json\/wp\/v2\/product_tag?post=19960"},{"taxonomy":"destination","embeddable":true,"href":"https:\/\/europaventure.be\/en\/wp-json\/wp\/v2\/destination?post=19960"}],"curies":[{"name":"wp","href":"https:\/\/api.w.org\/{rel}","templated":true}]}}