{"id":920351,"date":"2024-11-13T08:40:53","date_gmt":"2024-11-13T07:40:53","guid":{"rendered":"https:\/\/europaventure.be\/?post_type=product&#038;p=920351"},"modified":"2025-12-17T15:09:42","modified_gmt":"2025-12-17T14:09:42","slug":"randonnee-et-patrimoine-a-la-decouverte-du-parc-naturel-de-la-sierra-de-aracena","status":"publish","type":"product","link":"https:\/\/europaventure.be\/en\/randonnee-et-patrimoine-a-la-decouverte-du-parc-naturel-de-la-sierra-de-aracena\/","title":{"rendered":"Hiking and Heritage: Discovering the Sierra de Aracena Natural Park"},"content":{"rendered":"<p>Discover Andalusia with an 8-day stay in the Sierra de Aracena Natural Park.<\/p>\n<p>On arrival in Al\u00e1jar, you&#8217;ll be welcomed at the Molino R\u00edo Al\u00e1jar cottages. Enjoy a first reconnaissance walk and take advantage of the rural site&#8217;s open-air spaces. During your stay, hike around 80 km of varied trails, ranging from 10 to 18 km per day. Pass through oak forests, visit typical villages such as Casta\u00f1o del Robledo and enjoy local cuisine in renowned restaurants.<\/p>\n<p>Each hike takes in breathtaking panoramas and wildlife, including many species of birds. This holiday combines nature, culture and gastronomy, offering a memorable experience in the heart of an authentic Spanish region.<\/p>\n<p>Self-guided hiking tour &#8211; 8 days &#8211; 7 nights &#8211; Departures all year round (except July and August) according to your availability and budget.<\/p>\n","protected":false},"excerpt":{"rendered":"<p>Discover Andalusia with an 8-day tour combining hiking, nature, culture and gastronomy, offering an unforgettable experience in the heart of the Sierra de Aracena Natural Park.<\/p>\n","protected":false},"featured_media":920325,"template":"","meta":{"_acf_changed":false,"inline_featured_image":false,"_kad_blocks_custom_css":"","_kad_blocks_head_custom_js":"","_kad_blocks_body_custom_js":"","_kad_blocks_footer_custom_js":"","_kad_post_transparent":"","_kad_post_title":"","_kad_post_layout":"","_kad_post_sidebar_id":"","_kad_post_content_style":"","_kad_post_vertical_padding":"","_kad_post_feature":"","_kad_post_feature_position":"","_kad_post_header":false,"_kad_post_footer":false,"_kad_post_classname":""},"product_brand":[],"product_cat":[16,60],"product_tag":[],"destination":[222,224],"class_list":{"0":"post-920351","1":"product","2":"type-product","3":"status-publish","4":"has-post-thumbnail","6":"product_cat-circuit","7":"product_cat-tour","8":"destination-espagne","9":"destination-spain","11":"first","12":"instock","13":"taxable","14":"shipping-taxable","15":"purchasable","16":"product-type-simple","17":"entry","18":"content-bg","19":"loop-entry"},"acf":[],"taxonomy_info":{"product_cat":[{"value":16,"label":"Circuit"},{"value":60,"label":"Tour"}],"destination":[{"value":222,"label":"Espagne"},{"value":224,"label":"Spain"}]},"featured_image_src_large":["https:\/\/europaventure.be\/wp-content\/uploads\/2024\/11\/entorno-33.jpg",612,408,false],"author_info":[],"comment_info":"","_links":{"self":[{"href":"https:\/\/europaventure.be\/en\/wp-json\/wp\/v2\/product\/920351","targetHints":{"allow":["GET"]}}],"collection":[{"href":"https:\/\/europaventure.be\/en\/wp-json\/wp\/v2\/product"}],"about":[{"href":"https:\/\/europaventure.be\/en\/wp-json\/wp\/v2\/types\/product"}],"wp:featuredmedia":[{"embeddable":true,"href":"https:\/\/europaventure.be\/en\/wp-json\/wp\/v2\/media\/920325"}],"wp:attachment":[{"href":"https:\/\/europaventure.be\/en\/wp-json\/wp\/v2\/media?parent=920351"}],"wp:term":[{"taxonomy":"product_brand","embeddable":true,"href":"https:\/\/europaventure.be\/en\/wp-json\/wp\/v2\/product_brand?post=920351"},{"taxonomy":"product_cat","embeddable":true,"href":"https:\/\/europaventure.be\/en\/wp-json\/wp\/v2\/product_cat?post=920351"},{"taxonomy":"product_tag","embeddable":true,"href":"https:\/\/europaventure.be\/en\/wp-json\/wp\/v2\/product_tag?post=920351"},{"taxonomy":"destination","embeddable":true,"href":"https:\/\/europaventure.be\/en\/wp-json\/wp\/v2\/destination?post=920351"}],"curies":[{"name":"wp","href":"https:\/\/api.w.org\/{rel}","templated":true}]}}