{"id":920419,"date":"2024-11-13T07:35:07","date_gmt":"2024-11-13T06:35:07","guid":{"rendered":"https:\/\/europaventure.be\/?post_type=product&#038;p=920419"},"modified":"2025-12-29T12:29:08","modified_gmt":"2025-12-29T11:29:08","slug":"randonnee-nature-dans-le-parc-naturel-de-la-serra-mariola","status":"publish","type":"product","link":"https:\/\/europaventure.be\/en\/randonnee-nature-dans-le-parc-naturel-de-la-serra-mariola\/","title":{"rendered":"Nature walks in the Serra Mariola Natural Park"},"content":{"rendered":"<p>Discover the magnificent Sierra de Mariola Natural Park on a 7-day tour combining hiking, culture and gastronomy. This enchanting route plunges you into the heart of a varied landscape, where pine and oak forests rub shoulders with vast olive groves, almond groves and vineyards, all enhanced by a rich aromatic flora.<\/p>\n<p>You&#8217;ll start your adventure in the charming medieval town of Bocairent, famous for its historic streets and breathtaking views. Following well-marked trails, you can reach remarkable sites such as the Vinalop\u00f3 spring on a 14 km hike, and explore the Iberian village of Cabe\u00e7\u00f3 de Mariola.<\/p>\n<p>You&#8217;ll also discover the region&#8217;s rich cultural heritage, marked by vestiges of Arab civilization and ancient structures linked to snowmaking between the 16th and 19th centuries. Each day&#8217;s hike has its own surprises in store, such as the botanical trail around Teixera d&#8217;Agres, or the climb up to Alcoi, offering spectacular views of Montcabrer and the surrounding area.<\/p>\n<p>Self-guided hiking tour &#8211; 7 days &#8211; 6 nights &#8211; Departure all year round (except from 24\/06 to 02\/09<em>) <\/em>according to your availability and possibilities.<\/p>\n","protected":false},"excerpt":{"rendered":"<p>Explore the Sierra de Mariola Natural Park on a 7-day tour combining hiking, culture and gastronomy.<\/p>\n","protected":false},"featured_media":920396,"template":"","meta":{"_acf_changed":false,"inline_featured_image":false,"_kad_blocks_custom_css":"","_kad_blocks_head_custom_js":"","_kad_blocks_body_custom_js":"","_kad_blocks_footer_custom_js":"","_kad_post_transparent":"","_kad_post_title":"","_kad_post_layout":"","_kad_post_sidebar_id":"","_kad_post_content_style":"","_kad_post_vertical_padding":"","_kad_post_feature":"","_kad_post_feature_position":"","_kad_post_header":false,"_kad_post_footer":false,"_kad_post_classname":""},"product_brand":[],"product_cat":[16,60],"product_tag":[],"destination":[222,224],"class_list":{"0":"post-920419","1":"product","2":"type-product","3":"status-publish","4":"has-post-thumbnail","6":"product_cat-circuit","7":"product_cat-tour","8":"destination-espagne","9":"destination-spain","11":"first","12":"instock","13":"taxable","14":"shipping-taxable","15":"purchasable","16":"product-type-simple","17":"entry","18":"content-bg","19":"loop-entry"},"acf":[],"taxonomy_info":{"product_cat":[{"value":16,"label":"Circuit"},{"value":60,"label":"Tour"}],"destination":[{"value":222,"label":"Espagne"},{"value":224,"label":"Spain"}]},"featured_image_src_large":["https:\/\/europaventure.be\/wp-content\/uploads\/2024\/11\/IMG_0813-1024x768.jpg",1024,768,true],"author_info":[],"comment_info":"","_links":{"self":[{"href":"https:\/\/europaventure.be\/en\/wp-json\/wp\/v2\/product\/920419","targetHints":{"allow":["GET"]}}],"collection":[{"href":"https:\/\/europaventure.be\/en\/wp-json\/wp\/v2\/product"}],"about":[{"href":"https:\/\/europaventure.be\/en\/wp-json\/wp\/v2\/types\/product"}],"wp:featuredmedia":[{"embeddable":true,"href":"https:\/\/europaventure.be\/en\/wp-json\/wp\/v2\/media\/920396"}],"wp:attachment":[{"href":"https:\/\/europaventure.be\/en\/wp-json\/wp\/v2\/media?parent=920419"}],"wp:term":[{"taxonomy":"product_brand","embeddable":true,"href":"https:\/\/europaventure.be\/en\/wp-json\/wp\/v2\/product_brand?post=920419"},{"taxonomy":"product_cat","embeddable":true,"href":"https:\/\/europaventure.be\/en\/wp-json\/wp\/v2\/product_cat?post=920419"},{"taxonomy":"product_tag","embeddable":true,"href":"https:\/\/europaventure.be\/en\/wp-json\/wp\/v2\/product_tag?post=920419"},{"taxonomy":"destination","embeddable":true,"href":"https:\/\/europaventure.be\/en\/wp-json\/wp\/v2\/destination?post=920419"}],"curies":[{"name":"wp","href":"https:\/\/api.w.org\/{rel}","templated":true}]}}