{"id":924837,"date":"2025-08-19T09:53:54","date_gmt":"2025-08-19T07:53:54","guid":{"rendered":"https:\/\/europaventure.be\/stevenson-lintegrale-du-chemin\/"},"modified":"2025-12-17T14:30:54","modified_gmt":"2025-12-17T13:30:54","slug":"stevenson-lintegrale-du-chemin","status":"publish","type":"product","link":"https:\/\/europaventure.be\/en\/stevenson-lintegrale-du-chemin\/","title":{"rendered":"Stevenson: the complete route"},"content":{"rendered":"<p>More than a century ago, the young writer Robert Louis Stevenson set out on foot to discover an unknown country in the company of the donkey Modestine, thus becoming the father of all modern hikers. After his journey, he published his diary under the title &#8220;Voyage avec un \u00e2ne \u00e0 travers les C\u00e9vennes&#8221; (&#8220;Journey with a donkey through the C\u00e9vennes&#8221;). We invite you to discover its entire itinerary, with the added bonus of a departure from Le Puy-en-Velay and a visit to this pretty little town.<\/p>\n<p>Leaving from the town of Le Puy-en-Velay, set in a verdant landscape where the water and fire of volcanoes have sculpted a fantastic natural backdrop, the volcanic plateaus of the Velay (M\u00e9zenc and Dev\u00e8s), areas of livestock farming and mountain cultivation (Puy lentils), the steep gorges of the Loire and Allier rivers, the forest-covered granite plateau of the G\u00e9vaudan as far as Chasserad\u00e8s. The route takes in altitudes between 700 and 1300 m.<\/p>\n<p>After a wooded section on the Goulet mountain and a crossing of the Lot valley, the atmosphere becomes mountainous on Mont Loz\u00e8re. It is the highest point in the C\u00e9vennes, perched at an altitude of 1,699 m. It features a heavy granite ridge dotted with chaos and carpeted with blueberries, broom and pastures. Beyond Florac, home of the Parc National des C\u00e9vennes, we approach the greenhouses and valats of the C\u00e9vennes, land of goats, silkworms and chestnut trees. A mysterious and wild land, where the traces of man can be found at every turn: mule tracks, transhumance trails, terraced cultivation and typical architecture. The route takes in altitudes between 200 and 1,699 m.<\/p>\n<p>Self-guided walking tour &#8211; Duration 14 days \/ 13 nights (possibility of completing only part of the trail) &#8211; Departure between 07\/04 and 30\/09, depending on your availability and budget.<\/p>\n","protected":false},"excerpt":{"rendered":"<p>Follow in the footsteps of Robert Louis Stevenson through the C\u00e9vennes, from Le Puy-en-Velay to Saint-Jean-du-Gard, in the footsteps of the famous writer and his donkey Modestine. Between the volcanoes of Velay, the granite plateaus of G\u00e9vaudan, Mont Loz\u00e8re and the C\u00e9vennes valleys, this varied itinerary takes you through wild landscapes, typical villages and lands of memory, in a countryside marked by history and rural traditions.<\/p>\n","protected":false},"featured_media":924825,"template":"","meta":{"_acf_changed":false,"inline_featured_image":false,"_kad_blocks_custom_css":"","_kad_blocks_head_custom_js":"","_kad_blocks_body_custom_js":"","_kad_blocks_footer_custom_js":"","_kad_post_transparent":"","_kad_post_title":"","_kad_post_layout":"","_kad_post_sidebar_id":"","_kad_post_content_style":"","_kad_post_vertical_padding":"","_kad_post_feature":"","_kad_post_feature_position":"","_kad_post_header":false,"_kad_post_footer":false,"_kad_post_classname":""},"product_brand":[],"product_cat":[16,60],"product_tag":[],"destination":[193,191],"class_list":{"0":"post-924837","1":"product","2":"type-product","3":"status-publish","4":"has-post-thumbnail","6":"product_cat-circuit","7":"product_cat-tour","8":"destination-cantal-en","9":"destination-cantal","11":"first","12":"instock","13":"taxable","14":"shipping-taxable","15":"purchasable","16":"product-type-simple","17":"entry","18":"content-bg","19":"loop-entry"},"acf":[],"taxonomy_info":{"product_cat":[{"value":16,"label":"Circuit"},{"value":60,"label":"Tour"}],"destination":[{"value":193,"label":"Massif Central"},{"value":191,"label":"Massif Central"}]},"featured_image_src_large":["https:\/\/europaventure.be\/wp-content\/uploads\/2025\/08\/J11-ST1-1024x768.jpg",1024,768,true],"author_info":[],"comment_info":"","_links":{"self":[{"href":"https:\/\/europaventure.be\/en\/wp-json\/wp\/v2\/product\/924837","targetHints":{"allow":["GET"]}}],"collection":[{"href":"https:\/\/europaventure.be\/en\/wp-json\/wp\/v2\/product"}],"about":[{"href":"https:\/\/europaventure.be\/en\/wp-json\/wp\/v2\/types\/product"}],"wp:featuredmedia":[{"embeddable":true,"href":"https:\/\/europaventure.be\/en\/wp-json\/wp\/v2\/media\/924825"}],"wp:attachment":[{"href":"https:\/\/europaventure.be\/en\/wp-json\/wp\/v2\/media?parent=924837"}],"wp:term":[{"taxonomy":"product_brand","embeddable":true,"href":"https:\/\/europaventure.be\/en\/wp-json\/wp\/v2\/product_brand?post=924837"},{"taxonomy":"product_cat","embeddable":true,"href":"https:\/\/europaventure.be\/en\/wp-json\/wp\/v2\/product_cat?post=924837"},{"taxonomy":"product_tag","embeddable":true,"href":"https:\/\/europaventure.be\/en\/wp-json\/wp\/v2\/product_tag?post=924837"},{"taxonomy":"destination","embeddable":true,"href":"https:\/\/europaventure.be\/en\/wp-json\/wp\/v2\/destination?post=924837"}],"curies":[{"name":"wp","href":"https:\/\/api.w.org\/{rel}","templated":true}]}}