{"id":11529,"date":"2020-11-16T11:01:59","date_gmt":"2020-11-16T10:01:59","guid":{"rendered":"https:\/\/europaventure.be\/itineraires\/de-bosweg-met-de-fiets\/"},"modified":"2025-12-12T15:49:39","modified_gmt":"2025-12-12T14:49:39","slug":"bosweg-met-de-fiets","status":"publish","type":"product","link":"https:\/\/europaventure.be\/nl\/tochten\/bosweg-met-de-fiets\/","title":{"rendered":"De bosweg met de fiets"},"content":{"rendered":"<p>De Route des For\u00eats \u00e0 v\u00e9lo is een fietstocht van 4 etappes en 191 km door de bossen van Belgisch Luxemburg, van de Famenne tot de Ardennen. Het is een grote lus die vertrekt vanuit Saint-Hubert, de Europese hoofdstad van de natuur en de jacht.<\/p>\n<p>Langs rustige wegen ontdekt u typische dorpjes, historische plaatsen en prachtige landschappen van het Grote Woud van Saint-Hubert. U heeft de mogelijkheid om iets te drinken voor de beroemde basiliek van Saint-Hubert, om het IJzermuseum te ontdekken op de site van de Fourneau Saint-Michel of om te ontspannen in onze kwaliteitsaccommodatie na een dag op de fiets.<\/p>\n<p>Deze vakantie is de ideale oplossing voor alle soorten fietsers: rustige routes, GPX-tracks, kwaliteitsaccommodatie, bagagevervoer en informatie over de regio. Alles is zo gepland dat u het beste uit de regio en haar schoonheden kunt halen.<\/p>\n<p>Fietstocht in vrijheid &#8211; Variabele duur van 5 tot 6 dagen &#8211; Vertrek het hele jaar door, afhankelijk van uw beschikbaarheid en uw mogelijkheden.<\/p>\n","protected":false},"excerpt":{"rendered":"<p>De Bosfietsroute is een 191 km lange lus verdeeld in 4 etappes. Het is voornamelijk gelegen in het Grote Woud van Saint-Hubert en laat u toe om \u00e9\u00e9n van de mooiste streken van de Ardennen te ontdekken. Al onze accommodaties verwelkomen regelmatig fietsers. Dus uw fietsen zullen veilig zijn. Europ&#8217;Aventure zorgt voor alle logistiek: accommodatie, bagagetransport, zodat u optimaal gebruik kunt maken van de ervaring.<\/p>\n","protected":false},"featured_media":915565,"template":"","meta":{"_acf_changed":false,"inline_featured_image":false,"_kad_blocks_custom_css":"","_kad_blocks_head_custom_js":"","_kad_blocks_body_custom_js":"","_kad_blocks_footer_custom_js":"","_kad_post_transparent":"default","_kad_post_title":"","_kad_post_layout":"default","_kad_post_sidebar_id":"","_kad_post_content_style":"default","_kad_post_vertical_padding":"default","_kad_post_feature":"","_kad_post_feature_position":"","_kad_post_header":false,"_kad_post_footer":false,"_kad_post_classname":""},"product_brand":[],"product_cat":[16,59],"product_tag":[],"destination":[42,69,67,21],"class_list":{"0":"post-11529","1":"product","2":"type-product","3":"status-publish","4":"has-post-thumbnail","6":"product_cat-circuit","7":"product_cat-tocht","8":"destination-ardenne","9":"destination-ardennen","10":"destination-belgie","11":"destination-belgique","13":"first","14":"instock","15":"virtual","16":"taxable","17":"purchasable","18":"product-type-simple","19":"entry","20":"content-bg","21":"loop-entry"},"acf":[],"taxonomy_info":{"product_cat":[{"value":16,"label":"Circuit"},{"value":59,"label":"Tocht"}],"destination":[{"value":42,"label":"Ardenne"},{"value":69,"label":"Ardennen"},{"value":67,"label":"Belg\u00efe"},{"value":21,"label":"Belgique"}]},"featured_image_src_large":["https:\/\/europaventure.be\/wp-content\/uploads\/2020\/11\/20220513_112514-1024x768.jpg",1024,768,true],"author_info":[],"comment_info":"","_links":{"self":[{"href":"https:\/\/europaventure.be\/nl\/wp-json\/wp\/v2\/product\/11529","targetHints":{"allow":["GET"]}}],"collection":[{"href":"https:\/\/europaventure.be\/nl\/wp-json\/wp\/v2\/product"}],"about":[{"href":"https:\/\/europaventure.be\/nl\/wp-json\/wp\/v2\/types\/product"}],"wp:featuredmedia":[{"embeddable":true,"href":"https:\/\/europaventure.be\/nl\/wp-json\/wp\/v2\/media\/915565"}],"wp:attachment":[{"href":"https:\/\/europaventure.be\/nl\/wp-json\/wp\/v2\/media?parent=11529"}],"wp:term":[{"taxonomy":"product_brand","embeddable":true,"href":"https:\/\/europaventure.be\/nl\/wp-json\/wp\/v2\/product_brand?post=11529"},{"taxonomy":"product_cat","embeddable":true,"href":"https:\/\/europaventure.be\/nl\/wp-json\/wp\/v2\/product_cat?post=11529"},{"taxonomy":"product_tag","embeddable":true,"href":"https:\/\/europaventure.be\/nl\/wp-json\/wp\/v2\/product_tag?post=11529"},{"taxonomy":"destination","embeddable":true,"href":"https:\/\/europaventure.be\/nl\/wp-json\/wp\/v2\/destination?post=11529"}],"curies":[{"name":"wp","href":"https:\/\/api.w.org\/{rel}","templated":true}]}}