{"id":19733,"date":"2020-11-17T14:01:52","date_gmt":"2020-11-17T13:01:52","guid":{"rendered":"https:\/\/europaventure.be\/itineraires\/kaarten-van-la-transgaumaise\/"},"modified":"2024-12-02T11:52:41","modified_gmt":"2024-12-02T10:52:41","slug":"cartes-de-la-transgaumaise-a-pied","status":"publish","type":"product","link":"https:\/\/europaventure.be\/nl\/tochten\/cartes-de-la-transgaumaise-a-pied\/","title":{"rendered":"Kaarten van La Transgaumaise"},"content":{"rendered":"<p>Veel kaarten met betrekking tot de GTA route over de grens, in een lus, in het hart van de Gaume ook zonnig &#8216;Petite Provence belge&#8217;. Ontdek de paden van het zuiden van de provincie Luxemburg en Frans Lotharingen dankzij een 140 km lange route in 6 etappes. Vertrek vanuit Virton of vanuit de andere steden van de lus: Torgny, Montm\u00e9dy, Orval, Ste C\u00e9cile of Orval&#8230;<\/p>\n<p style=\"text-align: left;\">La Transgaumaise \u00e0 pied is een route die u meeneemt door de &#8220;kleine Belgische Provence&#8221;, in Belgisch en Frans Lotharingen.<\/p>\n<p>Dankzij de set kaarten (1\/25 000) die u kunt gebruiken om de markers te begeleiden, zult u veilig en op het ritme van uw stappen door de 6 etappes van deze tocht door de natuur en het platteland slingeren. Laadt u, begeleid of alleen, uw batterijen op en beoefen uw sport terwijl u de culturele en natuurlijke rijkdommen ontdekt zoals de beroemde Abdij van Orval, bekend om haar trappistenbier en -kazen, de Citadel van Montm\u00e9dy, gebouwd in 1545 tijdens het bewind van Keizer Karel, of het dorp Torgny, \u00e9\u00e9n van de &#8220;Mooiste dorpen van Walloni\u00eb&#8221;.<\/p>\n<p>De Transgaumaise te voet in 6 stappen:<\/p>\n<ul>\n<li><span style=\"line-height: 1.5em;\">1<\/span><sup style=\"line-height: 1.5em;\">e<\/sup><span style=\"line-height: 1.5em;\"> etappe: Virton (Vall\u00e9e de Rabais) &#8211; Torgny: 27 km<\/span><\/li>\n<li><span style=\"line-height: 1.5em;\">2<\/span><sup style=\"line-height: 1.5em;\">e<\/sup><span style=\"line-height: 1.5em;\"> etappe: Torgny &#8211; Montm\u00e9dy: 25 km<\/span><\/li>\n<li><span style=\"line-height: 1.5em;\">3<\/span><sup style=\"line-height: 1.5em;\">e<\/sup><span style=\"line-height: 1.5em;\"> etappe: Montm\u00e9dy &#8211; Orval: 21km<\/span><\/li>\n<li><span style=\"line-height: 1.5em;\">4<\/span><sup style=\"line-height: 1.5em;\">e<\/sup><span style=\"line-height: 1.5em;\"> etappe: Orval &#8211; Sainte-C\u00e9cile: 20 km<\/span><\/li>\n<li><span style=\"line-height: 1.5em;\">5<\/span><sup style=\"line-height: 1.5em;\">e<\/sup><span style=\"line-height: 1.5em;\"> etappe: Sainte-C\u00e9cile &#8211; Izel: 21 km<\/span><\/li>\n<li><span style=\"line-height: 1.5em;\">6<\/span><sup style=\"line-height: 1.5em;\">e <\/sup><span style=\"line-height: 1.5em;\">stage: Izel &#8211; Vall\u00e9e de Rabais: 25,5 km<\/span><\/li>\n<\/ul>\n","protected":false},"excerpt":{"rendered":"<p>Veel wandelkaarten voor de GTA route La Transgaumaise (140 km van Virton). Schaal: 1:25.000.<\/p>\n","protected":false},"featured_media":913691,"template":"","meta":{"_acf_changed":false,"inline_featured_image":false,"_kad_blocks_custom_css":"","_kad_blocks_head_custom_js":"","_kad_blocks_body_custom_js":"","_kad_blocks_footer_custom_js":"","_kad_post_transparent":"","_kad_post_title":"","_kad_post_layout":"","_kad_post_sidebar_id":"","_kad_post_content_style":"","_kad_post_vertical_padding":"","_kad_post_feature":"","_kad_post_feature_position":"","_kad_post_header":false,"_kad_post_footer":false,"_kad_post_classname":""},"product_brand":[],"product_cat":[61],"product_tag":[],"destination":[],"class_list":{"0":"post-19733","1":"product","2":"type-product","3":"status-publish","4":"has-post-thumbnail","6":"product_cat-gidsen-kaarten","7":"product_shipping_class-transporteur-nl","9":"first","10":"instock","11":"taxable","12":"shipping-taxable","13":"purchasable","14":"product-type-simple","15":"entry","16":"content-bg","17":"loop-entry"},"acf":[],"taxonomy_info":{"product_cat":[{"value":61,"label":"Gidsen en kaarten"}]},"featured_image_src_large":["https:\/\/europaventure.be\/wp-content\/uploads\/2023\/03\/Europ_Aventure_21032023_0126-732x1024.jpg",732,1024,true],"author_info":[],"comment_info":"","_links":{"self":[{"href":"https:\/\/europaventure.be\/nl\/wp-json\/wp\/v2\/product\/19733","targetHints":{"allow":["GET"]}}],"collection":[{"href":"https:\/\/europaventure.be\/nl\/wp-json\/wp\/v2\/product"}],"about":[{"href":"https:\/\/europaventure.be\/nl\/wp-json\/wp\/v2\/types\/product"}],"wp:featuredmedia":[{"embeddable":true,"href":"https:\/\/europaventure.be\/nl\/wp-json\/wp\/v2\/media\/913691"}],"wp:attachment":[{"href":"https:\/\/europaventure.be\/nl\/wp-json\/wp\/v2\/media?parent=19733"}],"wp:term":[{"taxonomy":"product_brand","embeddable":true,"href":"https:\/\/europaventure.be\/nl\/wp-json\/wp\/v2\/product_brand?post=19733"},{"taxonomy":"product_cat","embeddable":true,"href":"https:\/\/europaventure.be\/nl\/wp-json\/wp\/v2\/product_cat?post=19733"},{"taxonomy":"product_tag","embeddable":true,"href":"https:\/\/europaventure.be\/nl\/wp-json\/wp\/v2\/product_tag?post=19733"},{"taxonomy":"destination","embeddable":true,"href":"https:\/\/europaventure.be\/nl\/wp-json\/wp\/v2\/destination?post=19733"}],"curies":[{"name":"wp","href":"https:\/\/api.w.org\/{rel}","templated":true}]}}