{"id":38916,"date":"2020-11-13T10:15:29","date_gmt":"2020-11-13T09:15:29","guid":{"rendered":"https:\/\/europaventure.be\/itineraires\/de-transardennaise\/"},"modified":"2025-12-16T21:55:59","modified_gmt":"2025-12-16T20:55:59","slug":"transardennaise-a-pied","status":"publish","type":"product","link":"https:\/\/europaventure.be\/nl\/tochten\/transardennaise-a-pied\/","title":{"rendered":"De Transardennaise"},"content":{"rendered":"<p>Beleef de &#8220;<em><a href=\"https:\/\/www.gta.be\/fr\/la-transardennaise\/\" target=\"_blank\" rel=\"noopener\">Transardennaise<\/a><\/em>&#8221; met Europ&#8217;Aventure, \u00e9\u00e9n van de mooiste bewegwijzerde routes in Belgi\u00eb. Je geniet van een ontspannen wandeling door het hart van de Ardense bossen en de mooiste landschappen van Belgisch Luxemburg. Het volledige verblijf bestaat uit 7 etappes voor een totaal van 160 km door de Belgische Ardennen.<\/p>\n<p>Deze geweldige route, meer dan 30 jaar geleden ontworpen door de vzw <a href=\"http:\/\/www.gta.be\/\" target=\"_blank\" rel=\"noopener\">GTA &#8211; Maison de la randonn\u00e9e<\/a>, brengt je van La Roche-en-Ardenne naar Bouillon en zijn beroemde kasteel. De route voert u door typische Ardense dorpjes (Cens, Lavacherie, Nassogne, Awenne, Redu, Sensenruth,&#8230;), door majestueuze bossen (Freyr en Saint-Hubert), maar ook door de valleien van de Ourthe, de Lesse en de Semois.<\/p>\n<p>De Transardennaise is de ideale oplossing voor alle soorten wandelaars, met een bewegwijzerde route (geel\/wit), kwaliteitsaccommodatie, bagagevervoer en informatie over de regio. Alles is zo gepland dat u het beste uit de regio en haar schoonheden kunt halen.<\/p>\n<p>Wandelen in vrijheid &#8211; Variabele duur van 3 tot 9 dagen &#8211; Vertrek het hele jaar door, afhankelijk van uw beschikbaarheid en uw mogelijkheden.<\/p>\n","protected":false},"excerpt":{"rendered":"<p>De Transardennaise is een van de mooiste bewegwijzerde routes in Belgi\u00eb. Het verbindt La Roche-en-Ardenne met Bouillon in 7 etappes en 160 km. Hij laat u de mooiste landschappen van de Ardennen en de meest typische dorpjes ontdekken. Europ&#8217;Aventure biedt u de mogelijkheid om het op uw eigen tempo te ontdekken en zorgt voor alles: kwaliteitsaccommodatie, bagagevervoer, eventuele transfers, terugreis,&#8230;<\/p>\n","protected":false},"featured_media":921437,"template":"","meta":{"_acf_changed":false,"inline_featured_image":false,"_kad_blocks_custom_css":"","_kad_blocks_head_custom_js":"","_kad_blocks_body_custom_js":"","_kad_blocks_footer_custom_js":"","_kad_post_transparent":"default","_kad_post_title":"","_kad_post_layout":"default","_kad_post_sidebar_id":"","_kad_post_content_style":"default","_kad_post_vertical_padding":"default","_kad_post_feature":"","_kad_post_feature_position":"","_kad_post_header":false,"_kad_post_footer":false,"_kad_post_classname":""},"product_brand":[],"product_cat":[16,59],"product_tag":[],"destination":[42,69,67,21],"class_list":{"0":"post-38916","1":"product","2":"type-product","3":"status-publish","4":"has-post-thumbnail","6":"product_cat-circuit","7":"product_cat-tocht","8":"destination-ardenne","9":"destination-ardennen","10":"destination-belgie","11":"destination-belgique","13":"first","14":"instock","15":"featured","16":"virtual","17":"taxable","18":"purchasable","19":"product-type-simple","20":"entry","21":"content-bg","22":"loop-entry"},"acf":[],"taxonomy_info":{"product_cat":[{"value":16,"label":"Circuit"},{"value":59,"label":"Tocht"}],"destination":[{"value":42,"label":"Ardenne"},{"value":69,"label":"Ardennen"},{"value":67,"label":"Belg\u00efe"},{"value":21,"label":"Belgique"}]},"featured_image_src_large":["https:\/\/europaventure.be\/wp-content\/uploads\/2020\/11\/20220513_143145-1024x768.jpg",1024,768,true],"author_info":[],"comment_info":"","_links":{"self":[{"href":"https:\/\/europaventure.be\/nl\/wp-json\/wp\/v2\/product\/38916","targetHints":{"allow":["GET"]}}],"collection":[{"href":"https:\/\/europaventure.be\/nl\/wp-json\/wp\/v2\/product"}],"about":[{"href":"https:\/\/europaventure.be\/nl\/wp-json\/wp\/v2\/types\/product"}],"wp:featuredmedia":[{"embeddable":true,"href":"https:\/\/europaventure.be\/nl\/wp-json\/wp\/v2\/media\/921437"}],"wp:attachment":[{"href":"https:\/\/europaventure.be\/nl\/wp-json\/wp\/v2\/media?parent=38916"}],"wp:term":[{"taxonomy":"product_brand","embeddable":true,"href":"https:\/\/europaventure.be\/nl\/wp-json\/wp\/v2\/product_brand?post=38916"},{"taxonomy":"product_cat","embeddable":true,"href":"https:\/\/europaventure.be\/nl\/wp-json\/wp\/v2\/product_cat?post=38916"},{"taxonomy":"product_tag","embeddable":true,"href":"https:\/\/europaventure.be\/nl\/wp-json\/wp\/v2\/product_tag?post=38916"},{"taxonomy":"destination","embeddable":true,"href":"https:\/\/europaventure.be\/nl\/wp-json\/wp\/v2\/destination?post=38916"}],"curies":[{"name":"wp","href":"https:\/\/api.w.org\/{rel}","templated":true}]}}