{"id":910885,"date":"2022-07-29T15:05:53","date_gmt":"2022-07-29T13:05:53","guid":{"rendered":"https:\/\/europaventure.be\/?post_type=product&#038;p=910885"},"modified":"2025-12-16T15:19:11","modified_gmt":"2025-12-16T14:19:11","slug":"de-arlon-a-bouillon-bij-de-padweg-gr16-van-de-maand","status":"publish","type":"product","link":"https:\/\/europaventure.be\/nl\/tochten\/de-arlon-a-bouillon-bij-de-padweg-gr16-van-de-maand\/","title":{"rendered":"Van Arlon naar Bouillon langs de GR16\u00a9 van de Semois"},"content":{"rendered":"<p>Beleef de GR16\u00a9 van de Semois met Europ&#8217;Aventure, ongetwijfeld een van de mooiste bewegwijzerde routes van Belgi\u00eb. U wandelt langs de meanderende Semois en door de mooiste landschappen van Belgisch Lotharingen. De volledige tocht bestaat uit 6 etappes voor een totaal van 140 km door de Gaume.<\/p>\n<p>Deze prachtige route, ontworpen door de <a href=\"https:\/\/grsentiers.org\/\" target=\"_blank\" rel=\"noopener\">GR\u00a9<\/a> vzw, brengt u van de bronnen van de Semois in Aarlen naar Bouillon en zijn beroemde kasteel. De route voert u door typische dorpen van de Gaume (Rossignol, Jamoigne, Chiny, Chassepierre, Dohan, enz.), door majestueuze bossen (het bos van Epioux), en ook om de meanderende Semois vanaf talrijke uitzichtpunten te bewonderen.<\/p>\n<p>De GR16\u00a9 de la Semois is de ideale oplossing voor alle soorten wandelaars: gemarkeerd pad (rood\/wit), kwaliteitsaccommodatie, bagagetransport, GR\u00a9 roadbook en informatie over de streek. Alles is zo gepland dat u het beste uit de regio en haar schoonheden kunt halen.<\/p>\n<p>Vrij wandelen &#8211; Duur varieert van 3 tot 8 dagen &#8211; Vertrek het hele jaar door afhankelijk van uw beschikbaarheid en mogelijkheden.<\/p>\n","protected":false},"excerpt":{"rendered":"<p>De GR16 van de Semois is een van de mooiste bewegwijzerde routes van Belgi\u00eb. Het volgt de Semois over een afstand van 210 km vanaf de bron in het centrum van Aarlen in Belgi\u00eb tot de uitmonding in de Maas bij Montherm\u00e9 in Frankrijk. Europ&#8217;Aventure biedt je 6 etappes op deze prachtige route door het hart van het nationale park en zorgt voor alles: kwaliteitsaccommodatie, bagagetransport, eventuele transfers, de terugreis, enz.<\/p>\n","protected":false},"featured_media":910926,"template":"","meta":{"_acf_changed":false,"inline_featured_image":false,"_kad_blocks_custom_css":"","_kad_blocks_head_custom_js":"","_kad_blocks_body_custom_js":"","_kad_blocks_footer_custom_js":"","_kad_post_transparent":"default","_kad_post_title":"","_kad_post_layout":"default","_kad_post_sidebar_id":"","_kad_post_content_style":"default","_kad_post_vertical_padding":"default","_kad_post_feature":"","_kad_post_feature_position":"","_kad_post_header":false,"_kad_post_footer":false,"_kad_post_classname":""},"product_brand":[],"product_cat":[16,59],"product_tag":[],"destination":[67,21,72,44],"class_list":{"0":"post-910885","1":"product","2":"type-product","3":"status-publish","4":"has-post-thumbnail","6":"product_cat-circuit","7":"product_cat-tocht","8":"destination-belgie","9":"destination-belgique","10":"destination-gaume-nl","11":"destination-gaume","13":"first","14":"instock","15":"featured","16":"virtual","17":"taxable","18":"purchasable","19":"product-type-simple","20":"entry","21":"content-bg","22":"loop-entry"},"acf":[],"taxonomy_info":{"product_cat":[{"value":16,"label":"Circuit"},{"value":59,"label":"Tocht"}],"destination":[{"value":67,"label":"Belg\u00efe"},{"value":21,"label":"Belgique"},{"value":72,"label":"Gaume"},{"value":44,"label":"Gaume"}]},"featured_image_src_large":["https:\/\/europaventure.be\/wp-content\/uploads\/2022\/07\/SATW-deel-3-dag-5-Bertrix-Lacuisine-64J-@JaquesPerneel-1024x397.jpg",1024,397,true],"author_info":[],"comment_info":"","_links":{"self":[{"href":"https:\/\/europaventure.be\/nl\/wp-json\/wp\/v2\/product\/910885","targetHints":{"allow":["GET"]}}],"collection":[{"href":"https:\/\/europaventure.be\/nl\/wp-json\/wp\/v2\/product"}],"about":[{"href":"https:\/\/europaventure.be\/nl\/wp-json\/wp\/v2\/types\/product"}],"wp:featuredmedia":[{"embeddable":true,"href":"https:\/\/europaventure.be\/nl\/wp-json\/wp\/v2\/media\/910926"}],"wp:attachment":[{"href":"https:\/\/europaventure.be\/nl\/wp-json\/wp\/v2\/media?parent=910885"}],"wp:term":[{"taxonomy":"product_brand","embeddable":true,"href":"https:\/\/europaventure.be\/nl\/wp-json\/wp\/v2\/product_brand?post=910885"},{"taxonomy":"product_cat","embeddable":true,"href":"https:\/\/europaventure.be\/nl\/wp-json\/wp\/v2\/product_cat?post=910885"},{"taxonomy":"product_tag","embeddable":true,"href":"https:\/\/europaventure.be\/nl\/wp-json\/wp\/v2\/product_tag?post=910885"},{"taxonomy":"destination","embeddable":true,"href":"https:\/\/europaventure.be\/nl\/wp-json\/wp\/v2\/destination?post=910885"}],"curies":[{"name":"wp","href":"https:\/\/api.w.org\/{rel}","templated":true}]}}