{"id":916487,"date":"2024-01-04T18:26:15","date_gmt":"2024-01-04T17:26:15","guid":{"rendered":"https:\/\/europaventure.be\/a-la-decouverte-du-mullerthal\/"},"modified":"2025-12-16T22:20:00","modified_gmt":"2025-12-16T21:20:00","slug":"a-la-decouverte-du-mullerthal","status":"publish","type":"product","link":"https:\/\/europaventure.be\/nl\/tochten\/a-la-decouverte-du-mullerthal\/","title":{"rendered":"Mullerthal &#8211; De Grand Tour"},"content":{"rendered":"<div class=\"wp-block-kadence-column\">\n<div class=\"kt-inside-inner-col\"><span style=\"font-family: var(--global-body-font-family);\">Souvent d\u00e9sign\u00e9 comme la<\/span><strong style=\"font-family: var(--global-body-font-family);\">\u00a0Petite Suisse Luxembourgeoise<\/strong><span style=\"font-family: var(--global-body-font-family);\">, la R\u00e9gion Mullerthal ou M\u00ebllerdall en luxembourgeois \u2013 doit cette appellation \u00e0 son paysage vallonn\u00e9 rappelant la Suisse. La R\u00e9gion Mullerthal, c&#8217;est avant tout un biotope exceptionnel marqu\u00e9 par des formations rocheuses assez surprenantes. C&#8217;est la composition de la roche et son \u00e9rosion qui ont contribu\u00e9 \u00e0 la cr\u00e9ation de ce paysage tellement typique de la Petite Suisse luxembourgeoise.<\/span><\/div>\n<\/div>\n<div class=\"col-md-6 \">\n<div class=\"with-padding-right\">\n<p>La diversit\u00e9 du patrimoine naturel et g\u00e9ologique rend la r\u00e9gion si sp\u00e9ciale. Dans ce but a \u00e9t\u00e9 fond\u00e9 en 2016 le\u00a0<strong>Natur- &amp; Geopark M\u00ebllerdall\u00a0<\/strong>qui, depuis 2022, fait partie du r\u00e9seau international des\u00a0<strong>UNESCO Global Geoparks. <\/strong><span style=\"font-family: var(--global-body-font-family); font-size: 1em;\">Le\u00a0<\/span><strong style=\"font-family: var(--global-body-font-family); font-size: 1em;\"><a href=\"https:\/\/www.mullerthal-trail.lu\/fr\" target=\"_blank\" rel=\"noopener\">Mullerthal Trail<\/a>, <\/strong>labelis\u00e9 &#8220;Quality Trails &#8211; Best of Europe&#8221; <span style=\"font-family: var(--global-body-font-family); font-size: 1em;\">emm\u00e8ne le randonneur chevronn\u00e9 sur 112 km \u00e0 travers une magnifique r\u00e9gion vallonn\u00e9e. Parsem\u00e9s de formations rocheuses aux noms bizarres &#8211; Piteschkummer, Geierslee ou Huellee, pour ne citer que ceux-l\u00e0 &#8211; les sentiers p\u00e9destres de la R\u00e9gion Mullerthal m\u00e8nent \u00e0 travers champs et for\u00eats au c\u0153ur d&#8217;une nature intacte. Outre les randonn\u00e9es exigeantes, la R\u00e9gion Mullerthal propose un r\u00e9seau de promenades agr\u00e9ables \u00e0 travers des panoramas \u00e9poustouflants.<\/span><\/p>\n<p>Europ&#8217;Aventure vous propose de d\u00e9courvrir les 3 boucles principales du Mullerthal en 6 \u00e9tapes et s&#8217;occupe de toute la logistique. Vous pouvez \u00e9galement choisir de ne faire qu&#8217;une ou deux boucles si vous pr\u00e9f\u00e9rez. Nous adapterons le s\u00e9jour \u00e0 vos envies.<\/p>\n<p><span style=\"font-family: var(--global-body-font-family); font-size: 1em;\">Randonn\u00e9e p\u00e9destre en libert\u00e9 \u2013 Dur\u00e9e variable de 3 \u00e0 8 jours \u2013 D\u00e9part toute l\u2019ann\u00e9e en fonction de vos disponibilit\u00e9s et de vos possibilit\u00e9s.<\/span><\/p>\n<\/div>\n<\/div>\n","protected":false},"excerpt":{"rendered":"<p>Kom en ontdek de regio Mullerthal, vaak Luxemburgs Klein Zwitserland genoemd. De Mullerthal Trail is een waar wandelparadijs en voert ervaren wandelaars 112 km door een schitterend heuvelachtig gebied.<\/p>\n","protected":false},"featured_media":925700,"template":"","meta":{"_acf_changed":false,"inline_featured_image":false,"_kad_blocks_custom_css":"","_kad_blocks_head_custom_js":"","_kad_blocks_body_custom_js":"","_kad_blocks_footer_custom_js":"","_kad_post_transparent":"default","_kad_post_title":"","_kad_post_layout":"default","_kad_post_sidebar_id":"","_kad_post_content_style":"default","_kad_post_vertical_padding":"default","_kad_post_feature":"","_kad_post_feature_position":"","_kad_post_header":false,"_kad_post_footer":false,"_kad_post_classname":""},"product_brand":[],"product_cat":[16,59],"product_tag":[],"destination":[45,77],"class_list":{"0":"post-916487","1":"product","2":"type-product","3":"status-publish","4":"has-post-thumbnail","6":"product_cat-circuit","7":"product_cat-tocht","8":"destination-grand-duche-du-luxembourg","9":"destination-groothertogdom-luxemburg","11":"first","12":"instock","13":"taxable","14":"shipping-taxable","15":"purchasable","16":"product-type-simple","17":"entry","18":"content-bg","19":"loop-entry"},"acf":[],"taxonomy_info":{"product_cat":[{"value":16,"label":"Circuit"},{"value":59,"label":"Tocht"}],"destination":[{"value":45,"label":"Grand Duch\u00e9 du Luxembourg"},{"value":77,"label":"Groothertogdom Luxemburg"}]},"featured_image_src_large":["https:\/\/europaventure.be\/wp-content\/uploads\/2024\/11\/20251016_130423-1024x768.jpg",1024,768,true],"author_info":[],"comment_info":"","_links":{"self":[{"href":"https:\/\/europaventure.be\/nl\/wp-json\/wp\/v2\/product\/916487","targetHints":{"allow":["GET"]}}],"collection":[{"href":"https:\/\/europaventure.be\/nl\/wp-json\/wp\/v2\/product"}],"about":[{"href":"https:\/\/europaventure.be\/nl\/wp-json\/wp\/v2\/types\/product"}],"wp:featuredmedia":[{"embeddable":true,"href":"https:\/\/europaventure.be\/nl\/wp-json\/wp\/v2\/media\/925700"}],"wp:attachment":[{"href":"https:\/\/europaventure.be\/nl\/wp-json\/wp\/v2\/media?parent=916487"}],"wp:term":[{"taxonomy":"product_brand","embeddable":true,"href":"https:\/\/europaventure.be\/nl\/wp-json\/wp\/v2\/product_brand?post=916487"},{"taxonomy":"product_cat","embeddable":true,"href":"https:\/\/europaventure.be\/nl\/wp-json\/wp\/v2\/product_cat?post=916487"},{"taxonomy":"product_tag","embeddable":true,"href":"https:\/\/europaventure.be\/nl\/wp-json\/wp\/v2\/product_tag?post=916487"},{"taxonomy":"destination","embeddable":true,"href":"https:\/\/europaventure.be\/nl\/wp-json\/wp\/v2\/destination?post=916487"}],"curies":[{"name":"wp","href":"https:\/\/api.w.org\/{rel}","templated":true}]}}