{"id":920350,"date":"2024-11-13T08:40:53","date_gmt":"2024-11-13T07:40:53","guid":{"rendered":"https:\/\/europaventure.be\/?post_type=product&#038;p=920350"},"modified":"2025-12-17T15:09:40","modified_gmt":"2025-12-17T14:09:40","slug":"randonnee-et-patrimoine-a-la-decouverte-du-parc-naturel-de-la-sierra-de-aracena","status":"publish","type":"product","link":"https:\/\/europaventure.be\/nl\/tochten\/randonnee-et-patrimoine-a-la-decouverte-du-parc-naturel-de-la-sierra-de-aracena\/","title":{"rendered":"Wandelen en erfgoed: Ontdek het natuurpark Sierra de Aracena"},"content":{"rendered":"<p>Ontdek Andalusi\u00eb met een 8-daags verblijf in het natuurpark Sierra de Aracena.<\/p>\n<p>Als je aankomt in Al\u00e1jar, word je verwelkomd in de Molino R\u00edo Al\u00e1jar cottages. Geniet van een eerste verkenningswandeling en geniet van de open ruimten van het landelijke gebied. Tijdens je verblijf leg je ongeveer 80 km gevarieerde paden af, vari\u00ebrend van 10 tot 18 km per dag. Rijd door eikenbossen, bezoek typische dorpjes zoals Casta\u00f1o del Robledo en geniet van de lokale keuken in gerenommeerde restaurants.<\/p>\n<p>Bij elke wandeling zie je adembenemende panorama&#8217;s en wilde dieren, waaronder veel vogelsoorten. Deze vakantie combineert natuur, cultuur en gastronomie en biedt een onvergetelijke ervaring in het hart van een authentieke Spaanse regio.<\/p>\n<p>Zelf begeleide wandeltour &#8211; 8 dagen &#8211; 7 nachten &#8211; Vertrek het hele jaar door (behalve in juli en augustus), afhankelijk van je beschikbaarheid.<\/p>\n","protected":false},"excerpt":{"rendered":"<p>Ontdek Andalusi\u00eb tijdens een 8-daagse tour die wandelen, natuur, cultuur en gastronomie combineert voor een onvergetelijke ervaring in het hart van het natuurpark Sierra de Aracena.<\/p>\n","protected":false},"featured_media":920324,"template":"","meta":{"_acf_changed":false,"inline_featured_image":false,"_kad_blocks_custom_css":"","_kad_blocks_head_custom_js":"","_kad_blocks_body_custom_js":"","_kad_blocks_footer_custom_js":"","_kad_post_transparent":"","_kad_post_title":"","_kad_post_layout":"","_kad_post_sidebar_id":"","_kad_post_content_style":"","_kad_post_vertical_padding":"","_kad_post_feature":"","_kad_post_feature_position":"","_kad_post_header":false,"_kad_post_footer":false,"_kad_post_classname":""},"product_brand":[],"product_cat":[16,59],"product_tag":[],"destination":[222,223],"class_list":{"0":"post-920350","1":"product","2":"type-product","3":"status-publish","4":"has-post-thumbnail","6":"product_cat-circuit","7":"product_cat-tocht","8":"destination-espagne","9":"destination-spanje","11":"first","12":"instock","13":"taxable","14":"shipping-taxable","15":"purchasable","16":"product-type-simple","17":"entry","18":"content-bg","19":"loop-entry"},"acf":[],"taxonomy_info":{"product_cat":[{"value":16,"label":"Circuit"},{"value":59,"label":"Tocht"}],"destination":[{"value":222,"label":"Espagne"},{"value":223,"label":"Spanje"}]},"featured_image_src_large":["https:\/\/europaventure.be\/wp-content\/uploads\/2024\/11\/entorno-33.jpg",612,408,false],"author_info":[],"comment_info":"","_links":{"self":[{"href":"https:\/\/europaventure.be\/nl\/wp-json\/wp\/v2\/product\/920350","targetHints":{"allow":["GET"]}}],"collection":[{"href":"https:\/\/europaventure.be\/nl\/wp-json\/wp\/v2\/product"}],"about":[{"href":"https:\/\/europaventure.be\/nl\/wp-json\/wp\/v2\/types\/product"}],"wp:featuredmedia":[{"embeddable":true,"href":"https:\/\/europaventure.be\/nl\/wp-json\/wp\/v2\/media\/920324"}],"wp:attachment":[{"href":"https:\/\/europaventure.be\/nl\/wp-json\/wp\/v2\/media?parent=920350"}],"wp:term":[{"taxonomy":"product_brand","embeddable":true,"href":"https:\/\/europaventure.be\/nl\/wp-json\/wp\/v2\/product_brand?post=920350"},{"taxonomy":"product_cat","embeddable":true,"href":"https:\/\/europaventure.be\/nl\/wp-json\/wp\/v2\/product_cat?post=920350"},{"taxonomy":"product_tag","embeddable":true,"href":"https:\/\/europaventure.be\/nl\/wp-json\/wp\/v2\/product_tag?post=920350"},{"taxonomy":"destination","embeddable":true,"href":"https:\/\/europaventure.be\/nl\/wp-json\/wp\/v2\/destination?post=920350"}],"curies":[{"name":"wp","href":"https:\/\/api.w.org\/{rel}","templated":true}]}}