{"id":920418,"date":"2024-11-13T07:35:07","date_gmt":"2024-11-13T06:35:07","guid":{"rendered":"https:\/\/europaventure.be\/?post_type=product&#038;p=920418"},"modified":"2025-12-29T12:29:06","modified_gmt":"2025-12-29T11:29:06","slug":"randonnee-nature-dans-le-parc-naturel-de-la-serra-mariola","status":"publish","type":"product","link":"https:\/\/europaventure.be\/nl\/tochten\/randonnee-nature-dans-le-parc-naturel-de-la-serra-mariola\/","title":{"rendered":"Natuurwandelingen in het natuurpark Serra Mariola"},"content":{"rendered":"<p>Ontdek het prachtige natuurpark Sierra de Mariola tijdens een 7-daagse tocht die wandelen, cultuur en gastronomie combineert. Deze betoverende route dompelt je onder in het hart van een gevarieerd landschap, waar dennen- en eikenbossen hand in hand gaan met uitgestrekte olijfbomen, amandelbomen en wijngaarden, allemaal verrijkt met een weelde aan aromatische flora.<\/p>\n<p>Je begint je avontuur in het charmante middeleeuwse stadje Bocairent, beroemd om zijn historische straten en adembenemende uitzichten. Via goed gemarkeerde paden kun je tijdens een wandeling van 14 km opmerkelijke plekken bereiken, zoals de Vinalop\u00f3-bron, en het Iberische dorp Cabe\u00e7\u00f3 de Mariola verkennen.<\/p>\n<p>Je ontdekt ook het rijke culturele erfgoed van de regio, gekenmerkt door overblijfselen van de Arabische beschaving en oude structuren die verband houden met de exploitatie van sneeuw tussen de 16e en 19e eeuw. Elke wandeldag heeft zijn eigen verrassingen in petto, zoals het botanische pad rond Teixera d&#8217;Agres of de klim naar Alcoi, met een spectaculair uitzicht op Montcabrer en de omgeving.<\/p>\n<p>Zelf begeleide wandeltour &#8211; 7 dagen &#8211; 6 nachten &#8211; Vertrek het hele jaar door (behalve van 24\/06 tot 02\/09<em>) <\/em>afhankelijk van je beschikbaarheid.<\/p>\n","protected":false},"excerpt":{"rendered":"<p>Verken het natuurpark Sierra de Mariola tijdens een 7-daagse tocht die wandelen, cultuur en gastronomie combineert.<\/p>\n","protected":false},"featured_media":920395,"template":"","meta":{"_acf_changed":false,"inline_featured_image":false,"_kad_blocks_custom_css":"","_kad_blocks_head_custom_js":"","_kad_blocks_body_custom_js":"","_kad_blocks_footer_custom_js":"","_kad_post_transparent":"","_kad_post_title":"","_kad_post_layout":"","_kad_post_sidebar_id":"","_kad_post_content_style":"","_kad_post_vertical_padding":"","_kad_post_feature":"","_kad_post_feature_position":"","_kad_post_header":false,"_kad_post_footer":false,"_kad_post_classname":""},"product_brand":[],"product_cat":[16,59],"product_tag":[],"destination":[222,223],"class_list":{"0":"post-920418","1":"product","2":"type-product","3":"status-publish","4":"has-post-thumbnail","6":"product_cat-circuit","7":"product_cat-tocht","8":"destination-espagne","9":"destination-spanje","11":"first","12":"instock","13":"taxable","14":"shipping-taxable","15":"purchasable","16":"product-type-simple","17":"entry","18":"content-bg","19":"loop-entry"},"acf":[],"taxonomy_info":{"product_cat":[{"value":16,"label":"Circuit"},{"value":59,"label":"Tocht"}],"destination":[{"value":222,"label":"Espagne"},{"value":223,"label":"Spanje"}]},"featured_image_src_large":["https:\/\/europaventure.be\/wp-content\/uploads\/2024\/11\/IMG_0813-1024x768.jpg",1024,768,true],"author_info":[],"comment_info":"","_links":{"self":[{"href":"https:\/\/europaventure.be\/nl\/wp-json\/wp\/v2\/product\/920418","targetHints":{"allow":["GET"]}}],"collection":[{"href":"https:\/\/europaventure.be\/nl\/wp-json\/wp\/v2\/product"}],"about":[{"href":"https:\/\/europaventure.be\/nl\/wp-json\/wp\/v2\/types\/product"}],"wp:featuredmedia":[{"embeddable":true,"href":"https:\/\/europaventure.be\/nl\/wp-json\/wp\/v2\/media\/920395"}],"wp:attachment":[{"href":"https:\/\/europaventure.be\/nl\/wp-json\/wp\/v2\/media?parent=920418"}],"wp:term":[{"taxonomy":"product_brand","embeddable":true,"href":"https:\/\/europaventure.be\/nl\/wp-json\/wp\/v2\/product_brand?post=920418"},{"taxonomy":"product_cat","embeddable":true,"href":"https:\/\/europaventure.be\/nl\/wp-json\/wp\/v2\/product_cat?post=920418"},{"taxonomy":"product_tag","embeddable":true,"href":"https:\/\/europaventure.be\/nl\/wp-json\/wp\/v2\/product_tag?post=920418"},{"taxonomy":"destination","embeddable":true,"href":"https:\/\/europaventure.be\/nl\/wp-json\/wp\/v2\/destination?post=920418"}],"curies":[{"name":"wp","href":"https:\/\/api.w.org\/{rel}","templated":true}]}}